{"id":260,"date":"2019-12-09T12:32:51","date_gmt":"2019-12-09T10:32:51","guid":{"rendered":"https:\/\/tantefineblog.wordpress.com\/?page_id=260"},"modified":"2019-12-09T12:32:51","modified_gmt":"2019-12-09T10:32:51","slug":"willkommen-in-fines-welt","status":"publish","type":"page","link":"https:\/\/www.tantefine.de\/blog\/willkommen-in-fines-welt\/","title":{"rendered":"Willkommen in Fines-Welt!"},"content":{"rendered":"\n<p>Sch\u00f6n, dass Du da bist. In unserem Blog berichten wir \u00fcber Themen, die uns am Herzen liegen. Wir m\u00f6chten mit einer nachhaltigen Themenvielfalt Denkanst\u00f6\u00dfe geben und Mensch und Natur wieder n\u00e4her zusammenbringen. Es geht um Gesundheit, um Ern\u00e4hrung, um Lebensmodelle. Aber auch um Sport, Wellness und Sch\u00f6nheit.<\/p>\n\n\n\n<p>Viel Spa\u00df beim St\u00f6bern.<\/p>\n\n\n\n<p>Dein Tante Fine-Team<\/p>\n\n\n\n<h2><a href=\"https:\/\/tantefineblog.wordpress.com\/category\/magazin\/\">Tante Fine Magazin <\/a><\/h2>\n\n\n\n<figure class=\"wp-block-gallery columns-3 is-cropped\"><ul class=\"blocks-gallery-grid\"><li class=\"blocks-gallery-item\"><figure><img src=\"http:\/\/test.tantefine.de\/blog\/wp-content\/uploads\/2019\/12\/bildschirmfoto-2019-12-10-um-10.22.39-1.png?w=736\" alt=\"\" data-id=\"327\" data-link=\"https:\/\/tantefineblog.wordpress.com\/bildschirmfoto-2019-12-10-um-10-22-39-1\/\" class=\"wp-image-327\" \/><\/figure><\/li><li class=\"blocks-gallery-item\"><figure><img src=\"http:\/\/test.tantefine.de\/blog\/wp-content\/uploads\/2019\/12\/bildschirmfoto-2019-12-10-um-10.23.45-1.png?w=733\" alt=\"\" data-id=\"328\" data-link=\"https:\/\/tantefineblog.wordpress.com\/bildschirmfoto-2019-12-10-um-10-23-45-1\/\" class=\"wp-image-328\" \/><\/figure><\/li><li class=\"blocks-gallery-item\"><figure><img src=\"http:\/\/test.tantefine.de\/blog\/wp-content\/uploads\/2019\/12\/bildschirmfoto-2019-11-25-um-14.51.32-1.png?w=534\" alt=\"\" data-id=\"329\" data-link=\"https:\/\/tantefineblog.wordpress.com\/bildschirmfoto-2019-11-25-um-14-51-32-1\/\" class=\"wp-image-329\" \/><\/figure><\/li><\/ul><\/figure>\n\n\n\n<h2><a href=\"https:\/\/tantefineblog.wordpress.com\/category\/rezepte\/\" target=\"_blank\" rel=\"noreferrer noopener\" aria-label=\"Rezepte (\u00f6ffnet in neuem Tab)\">Rezepte<\/a><\/h2>\n\n\n\n<div class=\"wp-block-coblocks-gallery-collage has-caption-style-dark\"><ul><li class=\"wp-block-coblocks-gallery-collage__item pb-2 sm:pb-2 lg:pb-2\"><figure class=\"wp-block-coblocks-gallery-collage__figure\"><img src=\"http:\/\/test.tantefine.de\/blog\/wp-content\/uploads\/2019\/12\/foto-08.12.19-10-09-23-1.jpg?w=768\" alt=\"\" data-id=\"338\" data-imglink=\"\" data-link=\"https:\/\/tantefineblog.wordpress.com\/foto-08-12-19-10-09-23-1\/\" class=\"wp-image-338\" \/><\/figure><\/li><li class=\"wp-block-coblocks-gallery-collage__item pb-2 sm:pb-2 lg:pb-2 pl-2 sm:pl-2 lg:pl-2\"><figure class=\"wp-block-coblocks-gallery-collage__figure\"><img src=\"http:\/\/test.tantefine.de\/blog\/wp-content\/uploads\/2019\/12\/foto-28.07.18-09-27-22.jpg?w=576\" alt=\"\" data-id=\"334\" data-imglink=\"\" data-link=\"https:\/\/tantefineblog.wordpress.com\/foto-28-07-18-09-27-22\/\" class=\"wp-image-334\" \/><\/figure><\/li><li class=\"wp-block-coblocks-gallery-collage__item pl-2 sm:pl-2 lg:pl-2\"><figure class=\"wp-block-coblocks-gallery-collage__figure\"><img src=\"http:\/\/test.tantefine.de\/blog\/wp-content\/uploads\/2019\/12\/foto-09.11.19-13-52-49.jpg?w=768\" alt=\"\" data-id=\"333\" data-imglink=\"\" data-link=\"https:\/\/tantefineblog.wordpress.com\/foto-09-11-19-13-52-49\/\" class=\"wp-image-333\" \/><\/figure><\/li><li class=\"wp-block-coblocks-gallery-collage__item pl-2 sm:pl-2 lg:pl-2\"><figure class=\"wp-block-coblocks-gallery-collage__figure\"><img src=\"http:\/\/test.tantefine.de\/blog\/wp-content\/uploads\/2019\/12\/foto-15.10.18-10-54-03.jpg?w=936\" alt=\"\" data-id=\"336\" data-imglink=\"\" data-link=\"https:\/\/tantefineblog.wordpress.com\/foto-15-10-18-10-54-03\/\" class=\"wp-image-336\" \/><\/figure><\/li><li class=\"wp-block-coblocks-gallery-collage__item pl-2 sm:pl-2 lg:pl-2\"><figure class=\"wp-block-coblocks-gallery-collage__figure\"><img src=\"http:\/\/test.tantefine.de\/blog\/wp-content\/uploads\/2019\/12\/foto-15.10.18-10-44-58-1-1.jpg?w=576\" alt=\"\" data-id=\"332\" data-imglink=\"\" data-link=\"https:\/\/tantefineblog.wordpress.com\/foto-15-10-18-10-44-58-1\/\" class=\"wp-image-332\" \/><\/figure><\/li><\/ul><\/div>\n\n\n\n<h2><a href=\"https:\/\/tantefineblog.wordpress.com\/category\/kraeuterkunde\/\" target=\"_blank\" rel=\"noreferrer noopener\" aria-label=\"Kr\u00e4uterkunde  (\u00f6ffnet in neuem Tab)\">Kr\u00e4uterkunde <\/a><\/h2>\n\n\n\n<figure class=\"wp-block-gallery columns-1 is-cropped\"><ul class=\"blocks-gallery-grid\"><li class=\"blocks-gallery-item\"><figure><img src=\"https:\/\/tantefineblog.files.wordpress.com\/2019\/12\/kracc88uterstrauss-1-2.jpg?w=1024\" alt=\"\" data-id=\"283\" data-link=\"https:\/\/tantefineblog.wordpress.com\/kracc88uterstrauss-1-2\/\" class=\"wp-image-283\" \/><\/figure><\/li><\/ul><\/figure>\n\n\n\n<h2><a href=\"https:\/\/tantefineblog.wordpress.com\/uber-tante-fine\/\" target=\"_blank\" rel=\"noreferrer noopener\" aria-label=\"\u00dcber Tante Fine  (\u00f6ffnet in neuem Tab)\">\u00dcber Tante Fine <\/a><\/h2>\n\n\n\n<div class=\"wp-block-coblocks-gallery-collage is-style-tiled has-caption-style-dark\"><ul><li class=\"wp-block-coblocks-gallery-collage__item\"><figure class=\"wp-block-coblocks-gallery-collage__figure\"><img src=\"http:\/\/test.tantefine.de\/blog\/wp-content\/uploads\/2019\/12\/tantefine_gewuerzvielfalt_edp_6985.jpg?w=1024\" alt=\"\" data-id=\"342\" data-imglink=\"\" data-link=\"https:\/\/tantefineblog.wordpress.com\/tantefine_gewuerzvielfalt_edp_6985-2\/\" class=\"wp-image-342\" \/><\/figure><\/li><li class=\"wp-block-coblocks-gallery-collage__item pl-2 sm:pl-2 lg:pl-2\"><figure class=\"wp-block-coblocks-gallery-collage__figure\"><img src=\"http:\/\/test.tantefine.de\/blog\/wp-content\/uploads\/2019\/12\/tantefine_edp_6577-1-1.jpg?w=681\" alt=\"\" data-id=\"341\" data-imglink=\"\" data-link=\"https:\/\/tantefineblog.wordpress.com\/tantefine_edp_6577-1\/\" class=\"wp-image-341\" \/><\/figure><\/li><li class=\"wp-block-coblocks-gallery-collage__item pt-2 sm:pt-2 lg:pt-2 pr-2 sm:pr-2 lg:pr-2\"><figure class=\"wp-block-coblocks-gallery-collage__figure\"><img src=\"http:\/\/test.tantefine.de\/blog\/wp-content\/uploads\/2019\/12\/cjh_070.jpg?w=683\" alt=\"\" data-id=\"340\" data-imglink=\"\" data-link=\"https:\/\/tantefineblog.wordpress.com\/cjh_070-2\/\" class=\"wp-image-340\" \/><\/figure><\/li><li class=\"wp-block-coblocks-gallery-collage__item pt-2 sm:pt-2 lg:pt-2\"><figure class=\"wp-block-coblocks-gallery-collage__figure\"><img src=\"http:\/\/test.tantefine.de\/blog\/wp-content\/uploads\/2019\/12\/file175.jpg?w=1024\" alt=\"\" data-id=\"343\" data-imglink=\"\" data-link=\"https:\/\/tantefineblog.wordpress.com\/file175\/\" class=\"wp-image-343\" \/><\/figure><\/li><\/ul><\/div>\n","protected":false},"excerpt":{"rendered":"<p>Sch\u00f6n, dass Du da bist. In unserem Blog berichten wir \u00fcber Themen, die uns am Herzen liegen. Wir m\u00f6chten mit einer nachhaltigen Themenvielfalt Denkanst\u00f6\u00dfe geben und Mensch und Natur wieder n\u00e4her zusammenbringen. Es geht um Gesundheit, um Ern\u00e4hrung, um Lebensmodelle. Aber auch um Sport, Wellness und Sch\u00f6nheit. Viel Spa\u00df beim St\u00f6bern. Dein Tante Fine-Team Tante Fine Magazin Rezepte Kr\u00e4uterkunde \u00dcber Tante Fine<\/p>\n","protected":false},"author":2,"featured_media":0,"parent":0,"menu_order":0,"comment_status":"closed","ping_status":"closed","template":"","meta":[],"yoast_head":"<!-- This site is optimized with the Yoast SEO plugin v15.9.2 - https:\/\/yoast.com\/wordpress\/plugins\/seo\/ -->\n<title>Willkommen in Fines-Welt! - Tante Fine<\/title>\n<meta name=\"robots\" content=\"index, follow, max-snippet:-1, max-image-preview:large, max-video-preview:-1\" \/>\n<link rel=\"canonical\" href=\"https:\/\/www.tantefine.de\/blog\/willkommen-in-fines-welt\/\" \/>\n<meta property=\"og:locale\" content=\"de_DE\" \/>\n<meta property=\"og:type\" content=\"article\" \/>\n<meta property=\"og:title\" content=\"Willkommen in Fines-Welt! - Tante Fine\" \/>\n<meta property=\"og:description\" content=\"Sch\u00f6n, dass Du da bist. In unserem Blog berichten wir \u00fcber Themen, die uns am Herzen liegen. Wir m\u00f6chten mit einer nachhaltigen Themenvielfalt Denkanst\u00f6\u00dfe geben und Mensch und Natur wieder n\u00e4her zusammenbringen. Es geht um Gesundheit, um Ern\u00e4hrung, um Lebensmodelle. Aber auch um Sport, Wellness und Sch\u00f6nheit. Viel Spa\u00df beim St\u00f6bern. Dein Tante Fine-Team Tante Fine Magazin Rezepte Kr\u00e4uterkunde \u00dcber Tante Fine\" \/>\n<meta property=\"og:url\" content=\"https:\/\/www.tantefine.de\/blog\/willkommen-in-fines-welt\/\" \/>\n<meta property=\"og:site_name\" content=\"Tante Fine\" \/>\n<meta property=\"og:image\" content=\"http:\/\/test.tantefine.de\/blog\/wp-content\/uploads\/2019\/12\/bildschirmfoto-2019-12-10-um-10.22.39-1.png?w=736\" \/>\n<meta name=\"twitter:card\" content=\"summary_large_image\" \/>\n<script type=\"application\/ld+json\" class=\"yoast-schema-graph\">{\"@context\":\"https:\/\/schema.org\",\"@graph\":[{\"@type\":\"WebSite\",\"@id\":\"https:\/\/www.tantefine.de\/blog\/#website\",\"url\":\"https:\/\/www.tantefine.de\/blog\/\",\"name\":\"Tante Fine\",\"description\":\"Blog\",\"potentialAction\":[{\"@type\":\"SearchAction\",\"target\":\"https:\/\/www.tantefine.de\/blog\/?s={search_term_string}\",\"query-input\":\"required name=search_term_string\"}],\"inLanguage\":\"de\"},{\"@type\":\"ImageObject\",\"@id\":\"https:\/\/www.tantefine.de\/blog\/willkommen-in-fines-welt\/#primaryimage\",\"inLanguage\":\"de\",\"url\":\"http:\/\/test.tantefine.de\/blog\/wp-content\/uploads\/2019\/12\/bildschirmfoto-2019-12-10-um-10.22.39-1.png?w=736\"},{\"@type\":\"WebPage\",\"@id\":\"https:\/\/www.tantefine.de\/blog\/willkommen-in-fines-welt\/#webpage\",\"url\":\"https:\/\/www.tantefine.de\/blog\/willkommen-in-fines-welt\/\",\"name\":\"Willkommen in Fines-Welt! - Tante Fine\",\"isPartOf\":{\"@id\":\"https:\/\/www.tantefine.de\/blog\/#website\"},\"primaryImageOfPage\":{\"@id\":\"https:\/\/www.tantefine.de\/blog\/willkommen-in-fines-welt\/#primaryimage\"},\"datePublished\":\"2019-12-09T10:32:51+00:00\",\"dateModified\":\"2019-12-09T10:32:51+00:00\",\"breadcrumb\":{\"@id\":\"https:\/\/www.tantefine.de\/blog\/willkommen-in-fines-welt\/#breadcrumb\"},\"inLanguage\":\"de\",\"potentialAction\":[{\"@type\":\"ReadAction\",\"target\":[\"https:\/\/www.tantefine.de\/blog\/willkommen-in-fines-welt\/\"]}]},{\"@type\":\"BreadcrumbList\",\"@id\":\"https:\/\/www.tantefine.de\/blog\/willkommen-in-fines-welt\/#breadcrumb\",\"itemListElement\":[{\"@type\":\"ListItem\",\"position\":1,\"item\":{\"@type\":\"WebPage\",\"@id\":\"https:\/\/www.tantefine.de\/blog\/\",\"url\":\"https:\/\/www.tantefine.de\/blog\/\",\"name\":\"Startseite\"}},{\"@type\":\"ListItem\",\"position\":2,\"item\":{\"@type\":\"WebPage\",\"@id\":\"https:\/\/www.tantefine.de\/blog\/willkommen-in-fines-welt\/\",\"url\":\"https:\/\/www.tantefine.de\/blog\/willkommen-in-fines-welt\/\",\"name\":\"Willkommen in Fines-Welt!\"}}]}]}<\/script>\n<!-- \/ Yoast SEO plugin. -->","_links":{"self":[{"href":"https:\/\/www.tantefine.de\/blog\/wp-json\/wp\/v2\/pages\/260"}],"collection":[{"href":"https:\/\/www.tantefine.de\/blog\/wp-json\/wp\/v2\/pages"}],"about":[{"href":"https:\/\/www.tantefine.de\/blog\/wp-json\/wp\/v2\/types\/page"}],"author":[{"embeddable":true,"href":"https:\/\/www.tantefine.de\/blog\/wp-json\/wp\/v2\/users\/2"}],"replies":[{"embeddable":true,"href":"https:\/\/www.tantefine.de\/blog\/wp-json\/wp\/v2\/comments?post=260"}],"version-history":[{"count":0,"href":"https:\/\/www.tantefine.de\/blog\/wp-json\/wp\/v2\/pages\/260\/revisions"}],"wp:attachment":[{"href":"https:\/\/www.tantefine.de\/blog\/wp-json\/wp\/v2\/media?parent=260"}],"curies":[{"name":"wp","href":"https:\/\/api.w.org\/{rel}","templated":true}]}}